{"id":9124,"date":"2024-02-08T00:11:33","date_gmt":"2024-02-08T00:11:33","guid":{"rendered":"https:\/\/seguridad.conahcyt.mx\/mujeres\/?page_id=9124"},"modified":"2024-06-12T12:17:25","modified_gmt":"2024-06-12T18:17:25","slug":"libros","status":"publish","type":"page","link":"https:\/\/seguridad.conahcyt.mx\/mujeres\/inicio\/libros\/","title":{"rendered":"Libros"},"content":{"rendered":"\n<p style=\"font-size:26px\"><\/p>\n\n\n\n<p><strong>Pr\u00f3ximamente<\/strong><\/p>\n\n\n<style>.kadence-column9124_2730cb-18 > .kt-inside-inner-col,.kadence-column9124_2730cb-18 > .kt-inside-inner-col:before{border-top-left-radius:0px;border-top-right-radius:0px;border-bottom-right-radius:0px;border-bottom-left-radius:0px;}.kadence-column9124_2730cb-18 > .kt-inside-inner-col{column-gap:var(--global-kb-gap-sm, 1rem);}.kadence-column9124_2730cb-18 > .kt-inside-inner-col{flex-direction:column;}.kadence-column9124_2730cb-18 > .kt-inside-inner-col > .aligncenter{width:100%;}.kadence-column9124_2730cb-18 > .kt-inside-inner-col:before{opacity:0.3;}.kadence-column9124_2730cb-18{position:relative;}@media all and (max-width: 1024px){.kadence-column9124_2730cb-18 > .kt-inside-inner-col{flex-direction:column;}}@media all and (max-width: 767px){.kadence-column9124_2730cb-18 > .kt-inside-inner-col{flex-direction:column;}}<\/style>\n<div class=\"wp-block-kadence-column kadence-column9124_2730cb-18\"><div class=\"kt-inside-inner-col\"><style>.kadence-column9124_a7d5cc-a5 > .kt-inside-inner-col,.kadence-column9124_a7d5cc-a5 > .kt-inside-inner-col:before{border-top-left-radius:0px;border-top-right-radius:0px;border-bottom-right-radius:0px;border-bottom-left-radius:0px;}.kadence-column9124_a7d5cc-a5 > .kt-inside-inner-col{column-gap:var(--global-kb-gap-sm, 1rem);}.kadence-column9124_a7d5cc-a5 > .kt-inside-inner-col{flex-direction:column;}.kadence-column9124_a7d5cc-a5 > .kt-inside-inner-col > .aligncenter{width:100%;}.kadence-column9124_a7d5cc-a5 > .kt-inside-inner-col:before{opacity:0.3;}.kadence-column9124_a7d5cc-a5{position:relative;}@media all and (max-width: 1024px){.kadence-column9124_a7d5cc-a5 > .kt-inside-inner-col{flex-direction:column;}}@media all and (max-width: 767px){.kadence-column9124_a7d5cc-a5 > .kt-inside-inner-col{flex-direction:column;}}<\/style>\n<div class=\"wp-block-kadence-column kadence-column9124_a7d5cc-a5\"><div class=\"kt-inside-inner-col\"><style>.kb-row-layout-id9124_b598ce-7b > .kt-row-column-wrap{align-content:start;}:where(.kb-row-layout-id9124_b598ce-7b > .kt-row-column-wrap) > .wp-block-kadence-column{justify-content:start;}.kb-row-layout-id9124_b598ce-7b > .kt-row-column-wrap{column-gap:var(--global-kb-gap-md, 2rem);row-gap:var(--global-kb-gap-md, 2rem);padding-top:var(--global-kb-spacing-sm, 1.5rem);padding-bottom:var(--global-kb-spacing-sm, 1.5rem);grid-template-columns:minmax(0, calc(15% - ((var(--global-kb-gap-md, 2rem) * 2 )\/3)))minmax(0, calc(70% - ((var(--global-kb-gap-md, 2rem) * 2 )\/3)))minmax(0, calc(15% - ((var(--global-kb-gap-md, 2rem) * 2 )\/3)));}.kb-row-layout-id9124_b598ce-7b > .kt-row-layout-overlay{opacity:0.30;}@media all and (max-width: 1024px){.kb-row-layout-id9124_b598ce-7b > .kt-row-column-wrap{grid-template-columns:repeat(3, minmax(0, 1fr));}}@media all and (max-width: 767px){.kb-row-layout-id9124_b598ce-7b > .kt-row-column-wrap{grid-template-columns:minmax(0, 1fr);}}<\/style><div class=\"kb-row-layout-wrap kb-row-layout-id9124_b598ce-7b alignnone wp-block-kadence-rowlayout\"><div class=\"kt-row-column-wrap kt-has-3-columns kt-row-layout-center-half kt-tab-layout-inherit kt-mobile-layout-row kt-row-valign-top\">\n<style>.kadence-column9124_0d055b-23 > .kt-inside-inner-col,.kadence-column9124_0d055b-23 > .kt-inside-inner-col:before{border-top-left-radius:0px;border-top-right-radius:0px;border-bottom-right-radius:0px;border-bottom-left-radius:0px;}.kadence-column9124_0d055b-23 > .kt-inside-inner-col{column-gap:var(--global-kb-gap-sm, 1rem);}.kadence-column9124_0d055b-23 > .kt-inside-inner-col{flex-direction:column;}.kadence-column9124_0d055b-23 > .kt-inside-inner-col > .aligncenter{width:100%;}.kadence-column9124_0d055b-23 > .kt-inside-inner-col:before{opacity:0.3;}.kadence-column9124_0d055b-23{position:relative;}@media all and (max-width: 1024px){.kadence-column9124_0d055b-23 > .kt-inside-inner-col{flex-direction:column;}}@media all and (max-width: 767px){.kadence-column9124_0d055b-23 > .kt-inside-inner-col{flex-direction:column;}}<\/style>\n<div class=\"wp-block-kadence-column kadence-column9124_0d055b-23\"><div class=\"kt-inside-inner-col\"><\/div><\/div>\n\n\n<style>.kadence-column9124_24be45-63 > .kt-inside-inner-col,.kadence-column9124_24be45-63 > .kt-inside-inner-col:before{border-top-left-radius:0px;border-top-right-radius:0px;border-bottom-right-radius:0px;border-bottom-left-radius:0px;}.kadence-column9124_24be45-63 > .kt-inside-inner-col{column-gap:var(--global-kb-gap-sm, 1rem);}.kadence-column9124_24be45-63 > .kt-inside-inner-col{flex-direction:column;}.kadence-column9124_24be45-63 > .kt-inside-inner-col > .aligncenter{width:100%;}.kadence-column9124_24be45-63 > .kt-inside-inner-col:before{opacity:0.3;}.kadence-column9124_24be45-63{position:relative;}@media all and (max-width: 1024px){.kadence-column9124_24be45-63 > .kt-inside-inner-col{flex-direction:column;}}@media all and (max-width: 767px){.kadence-column9124_24be45-63 > .kt-inside-inner-col{flex-direction:column;}}<\/style>\n<div class=\"wp-block-kadence-column kadence-column9124_24be45-63\"><div class=\"kt-inside-inner-col\"><style>.wp-block-kadence-advancedheading.kt-adv-heading9124_4ed3c8-24, .wp-block-kadence-advancedheading.kt-adv-heading9124_4ed3c8-24[data-kb-block=\"kb-adv-heading9124_4ed3c8-24\"]{text-align:center;font-style:normal;}.wp-block-kadence-advancedheading.kt-adv-heading9124_4ed3c8-24 mark, .wp-block-kadence-advancedheading.kt-adv-heading9124_4ed3c8-24[data-kb-block=\"kb-adv-heading9124_4ed3c8-24\"] mark{font-style:normal;color:#f76a0c;padding-top:0px;padding-right:0px;padding-bottom:0px;padding-left:0px;}<\/style>\n<h2 class=\"kt-adv-heading9124_4ed3c8-24 wp-block-kadence-advancedheading\" data-kb-block=\"kb-adv-heading9124_4ed3c8-24\">Semillas al viento. Propuestas transdisciplinarias ante las violencias estructurales y las movilidades en M\u00e9xico<\/h2>\n\n\n\n<p><\/p>\n\n\n\n<p>El libro recopila las experiencias de 25 colectivos de investigaci\u00f3n e incidencia en la etapa \u201cSemilla\u201d, que se desprende de una convocatoria realizada en el a\u00f1o 2019 en el marco del Pronaces Seguridad Humana. Consta de 25 cap\u00edtulos y muestra la diversidad de proyectos, problem\u00e1ticas, estrategias, m\u00e9todos y v\u00ednculos que, ante los t\u00e9rminos de la convocatoria, distintas personas desde distintas latitudes atendieron para combatir problemas como las violencias de g\u00e9nero, racismos, desigualdades, acceso a derechos humanos, movilidades. La experiencia Semilla se mostr\u00f3 como una coyuntura en el quehacer de la investigaci\u00f3n, para transformarse en un binomio, investigaci\u00f3n con incidencia. El libro presenta experiencias diferentes, diversidad que refleja la multidimensionalidad de la seguridad humana.<\/p>\n\n\n\n<p>Los resultados apuntan, precisamente, a la diversidad de experiencias y logros, pero tambi\u00e9n de retos, obst\u00e1culos y estrategias para su soluci\u00f3n. Uno de los m\u00e1s grandes retos fue la pandemia por COVID19, sin embargo, otro gran reto, a\u00fan por solventar, es el cambio de paradigma en el quehacer cient\u00edfico, entender ese binomio como parte de las responsabilidades y compromisos de una ciencia humanista.<\/p>\n\n\n\n<p><strong>Coordinadores<\/strong><\/p>\n\n\n\n<ul>\n<li><strong>Oscar Gerardo Hern\u00e1ndez Lara.<\/strong> Doctor en Geograf\u00eda. Investigador por M\u00e9xico en el Conahcyt. Miembro del Comit\u00e9 Ejecutivo Nacional de Seguridad Humana.<\/li>\n\n\n\n<li><strong>Norma Baca Tavira.<\/strong> Doctora en Geograf\u00eda. Profesora investigadora en la Universidad Aut\u00f3noma del Estado de M\u00e9xico. Coordinadora del Comit\u00e9 ejecutivo del Pronaces Seguridad Humana<\/li>\n\n\n\n<li><strong>Liliana Ximena L\u00f3pez Cruz<\/strong>. Bi\u00f3loga. Directora de Programas Nacionales Estrat\u00e9gicos<\/li>\n<\/ul>\n\n\n\n<p>La obra busca brindar informaci\u00f3n al p\u00fablico en general en cuanto a una pol\u00edtica p\u00fablica y social que el Conahcyt impulsa, y que se entiende como un cambio de paradigma en la investigaci\u00f3n en M\u00e9xico. El libro recopila experiencias diversas que reflejan las m\u00faltiples problem\u00e1ticas que se encuentran bajo el paraguas de la Seguridad Humana en M\u00e9xico.<\/p>\n\n\n\n<p><\/p>\n<\/div><\/div>\n\n\n<style>.kadence-column9124_29e8c7-46 > .kt-inside-inner-col,.kadence-column9124_29e8c7-46 > .kt-inside-inner-col:before{border-top-left-radius:0px;border-top-right-radius:0px;border-bottom-right-radius:0px;border-bottom-left-radius:0px;}.kadence-column9124_29e8c7-46 > .kt-inside-inner-col{column-gap:var(--global-kb-gap-sm, 1rem);}.kadence-column9124_29e8c7-46 > .kt-inside-inner-col{flex-direction:column;}.kadence-column9124_29e8c7-46 > .kt-inside-inner-col > .aligncenter{width:100%;}.kadence-column9124_29e8c7-46 > .kt-inside-inner-col:before{opacity:0.3;}.kadence-column9124_29e8c7-46{position:relative;}@media all and (max-width: 1024px){.kadence-column9124_29e8c7-46 > .kt-inside-inner-col{flex-direction:column;}}@media all and (max-width: 767px){.kadence-column9124_29e8c7-46 > .kt-inside-inner-col{flex-direction:column;}}<\/style>\n<div class=\"wp-block-kadence-column kadence-column9124_29e8c7-46\"><div class=\"kt-inside-inner-col\"><\/div><\/div>\n\n<\/div><\/div><\/div><\/div>\n<\/div><\/div>\n\n\n<style>.wp-block-kadence-spacer.kt-block-spacer-9124_db42fb-46 .kt-block-spacer{height:76px;}.wp-block-kadence-spacer.kt-block-spacer-9124_db42fb-46 .kt-divider{border-top-width:50px;border-top-color:#126696;width:80%;border-top-style:solid;}<\/style>\n<div class=\"wp-block-kadence-spacer aligncenter kt-block-spacer-9124_db42fb-46\"><div class=\"kt-block-spacer kt-block-spacer-halign-center\"><hr class=\"kt-divider\"\/><\/div><\/div>\n\n\n\n<p><strong>Pr\u00f3ximamente<\/strong><\/p>\n\n\n\n<div style=\"height:33px\" aria-hidden=\"true\" class=\"wp-block-spacer\"><\/div>\n\n\n<style>.kb-row-layout-id9124_cd4879-c6 > .kt-row-column-wrap{align-content:start;}:where(.kb-row-layout-id9124_cd4879-c6 > .kt-row-column-wrap) > .wp-block-kadence-column{justify-content:start;}.kb-row-layout-id9124_cd4879-c6 > .kt-row-column-wrap{column-gap:var(--global-kb-gap-md, 2rem);row-gap:var(--global-kb-gap-md, 2rem);padding-top:var(--global-kb-spacing-sm, 1.5rem);padding-bottom:var(--global-kb-spacing-sm, 1.5rem);grid-template-columns:minmax(0, calc(15% - ((var(--global-kb-gap-md, 2rem) * 2 )\/3)))minmax(0, calc(70% - ((var(--global-kb-gap-md, 2rem) * 2 )\/3)))minmax(0, calc(15% - ((var(--global-kb-gap-md, 2rem) * 2 )\/3)));}.kb-row-layout-id9124_cd4879-c6 > .kt-row-layout-overlay{opacity:0.30;}@media all and (max-width: 1024px){.kb-row-layout-id9124_cd4879-c6 > .kt-row-column-wrap{grid-template-columns:repeat(3, minmax(0, 1fr));}}@media all and (max-width: 767px){.kb-row-layout-id9124_cd4879-c6 > .kt-row-column-wrap{grid-template-columns:minmax(0, 1fr);}}<\/style><div class=\"kb-row-layout-wrap kb-row-layout-id9124_cd4879-c6 alignnone wp-block-kadence-rowlayout\"><div class=\"kt-row-column-wrap kt-has-3-columns kt-row-layout-center-half kt-tab-layout-inherit kt-mobile-layout-row kt-row-valign-top\">\n<style>.kadence-column9124_a6d1e7-83 > .kt-inside-inner-col,.kadence-column9124_a6d1e7-83 > .kt-inside-inner-col:before{border-top-left-radius:0px;border-top-right-radius:0px;border-bottom-right-radius:0px;border-bottom-left-radius:0px;}.kadence-column9124_a6d1e7-83 > .kt-inside-inner-col{column-gap:var(--global-kb-gap-sm, 1rem);}.kadence-column9124_a6d1e7-83 > .kt-inside-inner-col{flex-direction:column;}.kadence-column9124_a6d1e7-83 > .kt-inside-inner-col > .aligncenter{width:100%;}.kadence-column9124_a6d1e7-83 > .kt-inside-inner-col:before{opacity:0.3;}.kadence-column9124_a6d1e7-83{position:relative;}@media all and (max-width: 1024px){.kadence-column9124_a6d1e7-83 > .kt-inside-inner-col{flex-direction:column;}}@media all and (max-width: 767px){.kadence-column9124_a6d1e7-83 > .kt-inside-inner-col{flex-direction:column;}}<\/style>\n<div class=\"wp-block-kadence-column kadence-column9124_a6d1e7-83\"><div class=\"kt-inside-inner-col\"><\/div><\/div>\n\n\n<style>.kadence-column9124_1d0965-26 > .kt-inside-inner-col,.kadence-column9124_1d0965-26 > .kt-inside-inner-col:before{border-top-left-radius:0px;border-top-right-radius:0px;border-bottom-right-radius:0px;border-bottom-left-radius:0px;}.kadence-column9124_1d0965-26 > .kt-inside-inner-col{column-gap:var(--global-kb-gap-sm, 1rem);}.kadence-column9124_1d0965-26 > .kt-inside-inner-col{flex-direction:column;}.kadence-column9124_1d0965-26 > .kt-inside-inner-col > .aligncenter{width:100%;}.kadence-column9124_1d0965-26 > .kt-inside-inner-col:before{opacity:0.3;}.kadence-column9124_1d0965-26{position:relative;}@media all and (max-width: 1024px){.kadence-column9124_1d0965-26 > .kt-inside-inner-col{flex-direction:column;}}@media all and (max-width: 767px){.kadence-column9124_1d0965-26 > .kt-inside-inner-col{flex-direction:column;}}<\/style>\n<div class=\"wp-block-kadence-column kadence-column9124_1d0965-26\"><div class=\"kt-inside-inner-col\"><style>.wp-block-kadence-advancedheading.kt-adv-heading9124_93e0d7-eb, .wp-block-kadence-advancedheading.kt-adv-heading9124_93e0d7-eb[data-kb-block=\"kb-adv-heading9124_93e0d7-eb\"]{text-align:center;font-style:normal;}.wp-block-kadence-advancedheading.kt-adv-heading9124_93e0d7-eb mark, .wp-block-kadence-advancedheading.kt-adv-heading9124_93e0d7-eb[data-kb-block=\"kb-adv-heading9124_93e0d7-eb\"] mark{font-style:normal;color:#f76a0c;padding-top:0px;padding-right:0px;padding-bottom:0px;padding-left:0px;}<\/style>\n<h2 class=\"kt-adv-heading9124_93e0d7-eb wp-block-kadence-advancedheading\" data-kb-block=\"kb-adv-heading9124_93e0d7-eb\">Relatos, caminos y reflejos por una vida libre de violencias<\/h2>\n\n\n\n<p><\/p>\n\n\n\n<p>El Conahcyt impulsa la publicaci\u00f3n de un libro compilatorio de la gaceta Todas las mujeres, todos los derechos, la cual es un esfuerzo colectivo que busca divulgar conocimientos, recursos e informaci\u00f3n al p\u00fablico en general, con el fin de alcanzar una divulgaci\u00f3n amplia.<\/p>\n\n\n\n<p>La gaceta tiene los siguientes objetivos:<\/p>\n\n\n\n<ul>\n<li>Informar a las mujeres sobre su derecho a una vida libre de violencia, as\u00ed como las acciones y retos actuales que presentan las instituciones y grupos colectivos ante la violencia contra las mujeres en M\u00e9xico.<\/li>\n\n\n\n<li>Divulgar el conocimiento en materia de derechos de las mujeres y las ni\u00f1as para identificar, prevenir y erradicar la violencia de g\u00e9nero.<\/li>\n\n\n\n<li>Informar de los servicios que ofrecen las diferentes instituciones del Estado Mexicano para ponerlas a disposici\u00f3n de las ni\u00f1as y mujeres.<\/li>\n\n\n\n<li>Contribuir al cambio cultural mediante la publicaci\u00f3n de informaci\u00f3n relacionada con la igualdad de g\u00e9nero en pos de construir realidades m\u00e1s equitativas para la poblaci\u00f3n.<\/li>\n<\/ul>\n\n\n\n<p><strong>Compiladores<\/strong><\/p>\n\n\n\n<ul>\n<li><strong>Liliana Ximena L\u00f3pez Cruz<\/strong>. <\/li>\n\n\n\n<li><strong>Norma Baca Tavira.<\/strong> <\/li>\n\n\n\n<li><strong>Oscar Gerardo Hern\u00e1ndez Lara.<\/strong><\/li>\n\n\n\n<li><strong>Jos\u00e9 Christian Hern\u00e1ndez Robledo.<\/strong><\/li>\n<\/ul>\n<\/div><\/div>\n\n\n<style>.kadence-column9124_0d99b8-f6 > .kt-inside-inner-col,.kadence-column9124_0d99b8-f6 > .kt-inside-inner-col:before{border-top-left-radius:0px;border-top-right-radius:0px;border-bottom-right-radius:0px;border-bottom-left-radius:0px;}.kadence-column9124_0d99b8-f6 > .kt-inside-inner-col{column-gap:var(--global-kb-gap-sm, 1rem);}.kadence-column9124_0d99b8-f6 > .kt-inside-inner-col{flex-direction:column;}.kadence-column9124_0d99b8-f6 > .kt-inside-inner-col > .aligncenter{width:100%;}.kadence-column9124_0d99b8-f6 > .kt-inside-inner-col:before{opacity:0.3;}.kadence-column9124_0d99b8-f6{position:relative;}@media all and (max-width: 1024px){.kadence-column9124_0d99b8-f6 > .kt-inside-inner-col{flex-direction:column;}}@media all and (max-width: 767px){.kadence-column9124_0d99b8-f6 > .kt-inside-inner-col{flex-direction:column;}}<\/style>\n<div class=\"wp-block-kadence-column kadence-column9124_0d99b8-f6\"><div class=\"kt-inside-inner-col\"><\/div><\/div>\n\n<\/div><\/div>\n\n<style>.wp-block-kadence-spacer.kt-block-spacer-9124_fa55a9-6d .kt-block-spacer{height:76px;}.wp-block-kadence-spacer.kt-block-spacer-9124_fa55a9-6d .kt-divider{border-top-width:50px;border-top-color:#126696;width:80%;border-top-style:solid;}<\/style>\n<div class=\"wp-block-kadence-spacer aligncenter kt-block-spacer-9124_fa55a9-6d\"><div class=\"kt-block-spacer kt-block-spacer-halign-center\"><hr class=\"kt-divider\"\/><\/div><\/div>\n\n\n\n<p><strong>Pr\u00f3ximamente<\/strong><\/p>\n\n\n\n<div style=\"height:33px\" aria-hidden=\"true\" class=\"wp-block-spacer\"><\/div>\n\n\n<style>.kb-row-layout-id9124_467d8f-9f > .kt-row-column-wrap{align-content:start;}:where(.kb-row-layout-id9124_467d8f-9f > .kt-row-column-wrap) > .wp-block-kadence-column{justify-content:start;}.kb-row-layout-id9124_467d8f-9f > .kt-row-column-wrap{column-gap:var(--global-kb-gap-md, 2rem);row-gap:var(--global-kb-gap-md, 2rem);padding-top:var(--global-kb-spacing-sm, 1.5rem);padding-bottom:var(--global-kb-spacing-sm, 1.5rem);grid-template-columns:minmax(0, calc(15% - ((var(--global-kb-gap-md, 2rem) * 2 )\/3)))minmax(0, calc(70% - ((var(--global-kb-gap-md, 2rem) * 2 )\/3)))minmax(0, calc(15% - ((var(--global-kb-gap-md, 2rem) * 2 )\/3)));}.kb-row-layout-id9124_467d8f-9f > .kt-row-layout-overlay{opacity:0.30;}@media all and (max-width: 1024px){.kb-row-layout-id9124_467d8f-9f > .kt-row-column-wrap{grid-template-columns:repeat(3, minmax(0, 1fr));}}@media all and (max-width: 767px){.kb-row-layout-id9124_467d8f-9f > .kt-row-column-wrap{grid-template-columns:minmax(0, 1fr);}}<\/style><div class=\"kb-row-layout-wrap kb-row-layout-id9124_467d8f-9f alignnone wp-block-kadence-rowlayout\"><div class=\"kt-row-column-wrap kt-has-3-columns kt-row-layout-center-half kt-tab-layout-inherit kt-mobile-layout-row kt-row-valign-top\">\n<style>.kadence-column9124_21f64b-a1 > .kt-inside-inner-col,.kadence-column9124_21f64b-a1 > .kt-inside-inner-col:before{border-top-left-radius:0px;border-top-right-radius:0px;border-bottom-right-radius:0px;border-bottom-left-radius:0px;}.kadence-column9124_21f64b-a1 > .kt-inside-inner-col{column-gap:var(--global-kb-gap-sm, 1rem);}.kadence-column9124_21f64b-a1 > .kt-inside-inner-col{flex-direction:column;}.kadence-column9124_21f64b-a1 > .kt-inside-inner-col > .aligncenter{width:100%;}.kadence-column9124_21f64b-a1 > .kt-inside-inner-col:before{opacity:0.3;}.kadence-column9124_21f64b-a1{position:relative;}@media all and (max-width: 1024px){.kadence-column9124_21f64b-a1 > .kt-inside-inner-col{flex-direction:column;}}@media all and (max-width: 767px){.kadence-column9124_21f64b-a1 > .kt-inside-inner-col{flex-direction:column;}}<\/style>\n<div class=\"wp-block-kadence-column kadence-column9124_21f64b-a1\"><div class=\"kt-inside-inner-col\"><\/div><\/div>\n\n\n<style>.kadence-column9124_b7852c-40 > .kt-inside-inner-col,.kadence-column9124_b7852c-40 > .kt-inside-inner-col:before{border-top-left-radius:0px;border-top-right-radius:0px;border-bottom-right-radius:0px;border-bottom-left-radius:0px;}.kadence-column9124_b7852c-40 > .kt-inside-inner-col{column-gap:var(--global-kb-gap-sm, 1rem);}.kadence-column9124_b7852c-40 > .kt-inside-inner-col{flex-direction:column;}.kadence-column9124_b7852c-40 > .kt-inside-inner-col > .aligncenter{width:100%;}.kadence-column9124_b7852c-40 > .kt-inside-inner-col:before{opacity:0.3;}.kadence-column9124_b7852c-40{position:relative;}@media all and (max-width: 1024px){.kadence-column9124_b7852c-40 > .kt-inside-inner-col{flex-direction:column;}}@media all and (max-width: 767px){.kadence-column9124_b7852c-40 > .kt-inside-inner-col{flex-direction:column;}}<\/style>\n<div class=\"wp-block-kadence-column kadence-column9124_b7852c-40\"><div class=\"kt-inside-inner-col\"><style>.wp-block-kadence-advancedheading.kt-adv-heading9124_57331b-1c, .wp-block-kadence-advancedheading.kt-adv-heading9124_57331b-1c[data-kb-block=\"kb-adv-heading9124_57331b-1c\"]{text-align:center;font-style:normal;}.wp-block-kadence-advancedheading.kt-adv-heading9124_57331b-1c mark, .wp-block-kadence-advancedheading.kt-adv-heading9124_57331b-1c[data-kb-block=\"kb-adv-heading9124_57331b-1c\"] mark{font-style:normal;color:#f76a0c;padding-top:0px;padding-right:0px;padding-bottom:0px;padding-left:0px;}<\/style>\n<h2 class=\"kt-adv-heading9124_57331b-1c wp-block-kadence-advancedheading\" data-kb-block=\"kb-adv-heading9124_57331b-1c\">Por una convicci\u00f3n humanista ante las violencias y movilidades. Inserci\u00f3n, inclusi\u00f3n, respeto y paz en Seguridad Humana<\/h2>\n\n\n\n<p>El libro busca visibilizar el amplio alcance de una pol\u00edtica p\u00fablica y social que el Conahcyt propuso como un cambio de paradigma en la investigaci\u00f3n en M\u00e9xico. Los retos y obst\u00e1culos fueron y siguen siendo muchos y de diversa \u00edndole, mayormente relacionados con un quehacer cient\u00edfico tomado por intereses privados o, en otros casos, por unos cuantos en detrimento de una comunidad cient\u00edfica que incluye estudiantado, docentes y todas aquellas personas interesadas, comprometidas y convencidas de que las ciencias deben servir para transformar realidades de manera horizontal y colectiva, nunca m\u00e1s de manera vertical y simulada.<\/p>\n\n\n\n<p><strong>Coordinadores<\/strong><\/p>\n\n\n\n<ul>\n<li><strong>Oscar Gerardo Hern\u00e1ndez Lara.<\/strong> Doctor en Geograf\u00eda. Investigador por M\u00e9xico en el Conahcyt. Miembro del Comit\u00e9 Ejecutivo Nacional de Seguridad Humana.<\/li>\n\n\n\n<li><strong>Norma Baca Tavira.<\/strong> Doctora en Geograf\u00eda. Profesora investigadora en la Universidad Aut\u00f3noma del Estado de M\u00e9xico. Coordinadora del Comit\u00e9 ejecutivo del Pronaces Seguridad Humana<\/li>\n\n\n\n<li><strong>Liliana Ximena L\u00f3pez Cruz<\/strong>. Bi\u00f3loga. Directora de Programas Nacionales Estrat\u00e9gicos<\/li>\n<\/ul>\n<\/div><\/div>\n\n\n<style>.kadence-column9124_cb5c88-c0 > .kt-inside-inner-col,.kadence-column9124_cb5c88-c0 > .kt-inside-inner-col:before{border-top-left-radius:0px;border-top-right-radius:0px;border-bottom-right-radius:0px;border-bottom-left-radius:0px;}.kadence-column9124_cb5c88-c0 > .kt-inside-inner-col{column-gap:var(--global-kb-gap-sm, 1rem);}.kadence-column9124_cb5c88-c0 > .kt-inside-inner-col{flex-direction:column;}.kadence-column9124_cb5c88-c0 > .kt-inside-inner-col > .aligncenter{width:100%;}.kadence-column9124_cb5c88-c0 > .kt-inside-inner-col:before{opacity:0.3;}.kadence-column9124_cb5c88-c0{position:relative;}@media all and (max-width: 1024px){.kadence-column9124_cb5c88-c0 > .kt-inside-inner-col{flex-direction:column;}}@media all and (max-width: 767px){.kadence-column9124_cb5c88-c0 > .kt-inside-inner-col{flex-direction:column;}}<\/style>\n<div class=\"wp-block-kadence-column kadence-column9124_cb5c88-c0\"><div class=\"kt-inside-inner-col\"><\/div><\/div>\n\n<\/div><\/div>","protected":false},"excerpt":{"rendered":"<p>Pr\u00f3ximamente Semillas al viento. Propuestas transdisciplinarias ante las violencias estructurales y las movilidades en M\u00e9xico El libro recopila las experiencias de 25 colectivos de investigaci\u00f3n e incidencia en la etapa [&hellip;]<\/p>\n","protected":false},"author":4,"featured_media":0,"parent":4,"menu_order":0,"comment_status":"closed","ping_status":"closed","template":"","meta":{"ocean_post_layout":"","ocean_both_sidebars_style":"","ocean_both_sidebars_content_width":0,"ocean_both_sidebars_sidebars_width":0,"ocean_sidebar":"","ocean_second_sidebar":"","ocean_disable_margins":"enable","ocean_add_body_class":"","ocean_shortcode_before_top_bar":"","ocean_shortcode_after_top_bar":"","ocean_shortcode_before_header":"","ocean_shortcode_after_header":"","ocean_has_shortcode":"","ocean_shortcode_after_title":"","ocean_shortcode_before_footer_widgets":"","ocean_shortcode_after_footer_widgets":"","ocean_shortcode_before_footer_bottom":"","ocean_shortcode_after_footer_bottom":"","ocean_display_top_bar":"default","ocean_display_header":"default","ocean_header_style":"","ocean_center_header_left_menu":"","ocean_custom_header_template":"","ocean_custom_logo":0,"ocean_custom_retina_logo":0,"ocean_custom_logo_max_width":0,"ocean_custom_logo_tablet_max_width":0,"ocean_custom_logo_mobile_max_width":0,"ocean_custom_logo_max_height":0,"ocean_custom_logo_tablet_max_height":0,"ocean_custom_logo_mobile_max_height":0,"ocean_header_custom_menu":"","ocean_menu_typo_font_family":"","ocean_menu_typo_font_subset":"","ocean_menu_typo_font_size":0,"ocean_menu_typo_font_size_tablet":0,"ocean_menu_typo_font_size_mobile":0,"ocean_menu_typo_font_size_unit":"px","ocean_menu_typo_font_weight":"","ocean_menu_typo_font_weight_tablet":"","ocean_menu_typo_font_weight_mobile":"","ocean_menu_typo_transform":"","ocean_menu_typo_transform_tablet":"","ocean_menu_typo_transform_mobile":"","ocean_menu_typo_line_height":0,"ocean_menu_typo_line_height_tablet":0,"ocean_menu_typo_line_height_mobile":0,"ocean_menu_typo_line_height_unit":"","ocean_menu_typo_spacing":0,"ocean_menu_typo_spacing_tablet":0,"ocean_menu_typo_spacing_mobile":0,"ocean_menu_typo_spacing_unit":"","ocean_menu_link_color":"","ocean_menu_link_color_hover":"","ocean_menu_link_color_active":"","ocean_menu_link_background":"","ocean_menu_link_hover_background":"","ocean_menu_link_active_background":"","ocean_menu_social_links_bg":"","ocean_menu_social_hover_links_bg":"","ocean_menu_social_links_color":"","ocean_menu_social_hover_links_color":"","ocean_disable_title":"default","ocean_disable_heading":"default","ocean_post_title":"","ocean_post_subheading":"","ocean_post_title_style":"","ocean_post_title_background_color":"","ocean_post_title_background":0,"ocean_post_title_bg_image_position":"","ocean_post_title_bg_image_attachment":"","ocean_post_title_bg_image_repeat":"","ocean_post_title_bg_image_size":"","ocean_post_title_height":0,"ocean_post_title_bg_overlay":0.5,"ocean_post_title_bg_overlay_color":"","ocean_disable_breadcrumbs":"default","ocean_breadcrumbs_color":"","ocean_breadcrumbs_separator_color":"","ocean_breadcrumbs_links_color":"","ocean_breadcrumbs_links_hover_color":"","ocean_display_footer_widgets":"default","ocean_display_footer_bottom":"default","ocean_custom_footer_template":"","footnotes":""},"_links":{"self":[{"href":"https:\/\/seguridad.conahcyt.mx\/mujeres\/wp-json\/wp\/v2\/pages\/9124"}],"collection":[{"href":"https:\/\/seguridad.conahcyt.mx\/mujeres\/wp-json\/wp\/v2\/pages"}],"about":[{"href":"https:\/\/seguridad.conahcyt.mx\/mujeres\/wp-json\/wp\/v2\/types\/page"}],"author":[{"embeddable":true,"href":"https:\/\/seguridad.conahcyt.mx\/mujeres\/wp-json\/wp\/v2\/users\/4"}],"replies":[{"embeddable":true,"href":"https:\/\/seguridad.conahcyt.mx\/mujeres\/wp-json\/wp\/v2\/comments?post=9124"}],"version-history":[{"count":10,"href":"https:\/\/seguridad.conahcyt.mx\/mujeres\/wp-json\/wp\/v2\/pages\/9124\/revisions"}],"predecessor-version":[{"id":11596,"href":"https:\/\/seguridad.conahcyt.mx\/mujeres\/wp-json\/wp\/v2\/pages\/9124\/revisions\/11596"}],"up":[{"embeddable":true,"href":"https:\/\/seguridad.conahcyt.mx\/mujeres\/wp-json\/wp\/v2\/pages\/4"}],"wp:attachment":[{"href":"https:\/\/seguridad.conahcyt.mx\/mujeres\/wp-json\/wp\/v2\/media?parent=9124"}],"curies":[{"name":"wp","href":"https:\/\/api.w.org\/{rel}","templated":true}]}}