{"id":9247,"date":"2024-02-09T00:28:28","date_gmt":"2024-02-09T00:28:28","guid":{"rendered":"https:\/\/seguridad.conahcyt.mx\/mujeres\/?page_id=9247"},"modified":"2024-04-23T14:25:45","modified_gmt":"2024-04-23T20:25:45","slug":"prevencion-atencion-y-erradicacion-de-la-violencia-de-genero","status":"publish","type":"page","link":"https:\/\/seguridad.conahcyt.mx\/mujeres\/inicio\/seminario-permanente\/prevencion-atencion-y-erradicacion-de-la-violencia-de-genero\/","title":{"rendered":"Prevenci\u00f3n, atenci\u00f3n y erradicaci\u00f3n de la violencia de g\u00e9nero"},"content":{"rendered":"<style>.kb-row-layout-id9247_034e97-44 > .kt-row-column-wrap{align-content:start;}:where(.kb-row-layout-id9247_034e97-44 > .kt-row-column-wrap) > .wp-block-kadence-column{justify-content:start;}.kb-row-layout-id9247_034e97-44 > .kt-row-column-wrap{column-gap:var(--global-kb-gap-md, 2rem);row-gap:var(--global-kb-gap-md, 2rem);max-width:1200px;padding-top:var(--global-kb-spacing-sm, 1.5rem);padding-bottom:var(--global-kb-spacing-sm, 1.5rem);grid-template-columns:repeat(2, minmax(0, 1fr));}.kb-row-layout-id9247_034e97-44 > .kt-row-layout-overlay{opacity:0.30;}@media all and (max-width: 1024px){.kb-row-layout-id9247_034e97-44 > .kt-row-column-wrap{grid-template-columns:repeat(2, minmax(0, 1fr));}}@media all and (max-width: 767px){.kb-row-layout-id9247_034e97-44 > .kt-row-column-wrap{grid-template-columns:minmax(0, 1fr);}}<\/style><div class=\"kb-row-layout-wrap kb-row-layout-id9247_034e97-44 alignnone wp-block-kadence-rowlayout\"><div class=\"kt-row-column-wrap kt-has-2-columns kt-row-layout-equal kt-tab-layout-inherit kt-mobile-layout-row kt-row-valign-top kb-theme-content-width\">\n<style>.kadence-column9247_5d5574-c6 > .kt-inside-inner-col,.kadence-column9247_5d5574-c6 > .kt-inside-inner-col:before{border-top-left-radius:0px;border-top-right-radius:0px;border-bottom-right-radius:0px;border-bottom-left-radius:0px;}.kadence-column9247_5d5574-c6 > .kt-inside-inner-col{column-gap:var(--global-kb-gap-sm, 1rem);}.kadence-column9247_5d5574-c6 > .kt-inside-inner-col{flex-direction:column;}.kadence-column9247_5d5574-c6 > .kt-inside-inner-col > .aligncenter{width:100%;}.kadence-column9247_5d5574-c6 > .kt-inside-inner-col:before{opacity:0.3;}.kadence-column9247_5d5574-c6{text-align:center;}.kadence-column9247_5d5574-c6{position:relative;}@media all and (max-width: 1024px){.kadence-column9247_5d5574-c6 > .kt-inside-inner-col{flex-direction:column;}}@media all and (max-width: 767px){.kadence-column9247_5d5574-c6 > .kt-inside-inner-col{flex-direction:column;}}<\/style>\n<div class=\"wp-block-kadence-column kadence-column9247_5d5574-c6\"><div class=\"kt-inside-inner-col\"><style>.kb-row-layout-id9247_a3af5b-b4 > .kt-row-column-wrap{align-content:start;}:where(.kb-row-layout-id9247_a3af5b-b4 > .kt-row-column-wrap) > .wp-block-kadence-column{justify-content:start;}.kb-row-layout-id9247_a3af5b-b4 > .kt-row-column-wrap{column-gap:var(--global-kb-gap-md, 2rem);row-gap:var(--global-kb-gap-md, 2rem);max-width:1150px;margin-left:auto;margin-right:auto;padding-top:69px;padding-bottom:127px;min-height:144px;grid-template-columns:minmax(0, 1fr);}.kb-row-layout-id9247_a3af5b-b4{border-top-left-radius:16px;border-top-right-radius:16px;border-bottom-right-radius:16px;border-bottom-left-radius:16px;overflow:clip;isolation:isolate;}.kb-row-layout-id9247_a3af5b-b4 > .kt-row-layout-overlay{border-top-left-radius:16px;border-top-right-radius:16px;border-bottom-right-radius:16px;border-bottom-left-radius:16px;}.kb-row-layout-id9247_a3af5b-b4{background-image:url('https:\/\/seguridad.conahcyt.mx\/mujeres\/wp-content\/uploads\/sites\/4\/2024\/04\/Imagen-de-WhatsApp-2023-06-27-a-las-19.04.22.jpg');background-size:90% ;background-position:49% 37%;background-attachment:scroll;background-repeat:no-repeat;}.kb-row-layout-id9247_a3af5b-b4 > .kt-row-layout-overlay{opacity:0.30;}@media all and (max-width: 1024px){.kb-row-layout-id9247_a3af5b-b4 > .kt-row-column-wrap{grid-template-columns:minmax(0, 1fr);}}@media all and (max-width: 767px){.kb-row-layout-id9247_a3af5b-b4 > .kt-row-column-wrap{grid-template-columns:minmax(0, 1fr);}}<\/style><div class=\"kb-row-layout-wrap kb-row-layout-id9247_a3af5b-b4 alignwide kt-row-has-bg wp-block-kadence-rowlayout\"><div class=\"kt-row-column-wrap kt-has-1-columns kt-row-layout-equal kt-tab-layout-inherit kt-mobile-layout-row kt-row-valign-top\">\n<style>.kadence-column9247_aebb50-a8 > .kt-inside-inner-col,.kadence-column9247_aebb50-a8 > .kt-inside-inner-col:before{border-top-left-radius:0px;border-top-right-radius:0px;border-bottom-right-radius:0px;border-bottom-left-radius:0px;}.kadence-column9247_aebb50-a8 > .kt-inside-inner-col{column-gap:var(--global-kb-gap-sm, 1rem);}.kadence-column9247_aebb50-a8 > .kt-inside-inner-col{flex-direction:column;}.kadence-column9247_aebb50-a8 > .kt-inside-inner-col > .aligncenter{width:100%;}.kadence-column9247_aebb50-a8 > .kt-inside-inner-col:before{opacity:0.3;}.kadence-column9247_aebb50-a8{position:relative;}@media all and (max-width: 1024px){.kadence-column9247_aebb50-a8 > .kt-inside-inner-col{flex-direction:column;}}@media all and (max-width: 767px){.kadence-column9247_aebb50-a8 > .kt-inside-inner-col{flex-direction:column;}}<\/style>\n<div class=\"wp-block-kadence-column kadence-column9247_aebb50-a8\"><div class=\"kt-inside-inner-col\"><\/div><\/div>\n\n<\/div><\/div>\n\n<style>.wp-block-kadence-advancedheading.kt-adv-heading9247_36ae35-8f, .wp-block-kadence-advancedheading.kt-adv-heading9247_36ae35-8f[data-kb-block=\"kb-adv-heading9247_36ae35-8f\"]{padding-top:16px;font-style:normal;}.wp-block-kadence-advancedheading.kt-adv-heading9247_36ae35-8f mark, .wp-block-kadence-advancedheading.kt-adv-heading9247_36ae35-8f[data-kb-block=\"kb-adv-heading9247_36ae35-8f\"] mark{font-style:normal;color:#f76a0c;padding-top:0px;padding-right:0px;padding-bottom:0px;padding-left:0px;}<\/style>\n<h3 class=\"kt-adv-heading9247_36ae35-8f wp-block-kadence-advancedheading\" data-kb-block=\"kb-adv-heading9247_36ae35-8f\"><a href=\"https:\/\/seguridad.conahcyt.mx\/mujeres\/inicio\/seminario-permanente\/prevencion-atencion-y-erradicacion-de-la-violencia-de-genero\/seminario-permanente-primera-edicion\/\">Primera edici\u00f3n<\/a><\/h3>\n<\/div><\/div>\n\n\n<style>.kadence-column9247_a3503f-3a > .kt-inside-inner-col,.kadence-column9247_a3503f-3a > .kt-inside-inner-col:before{border-top-left-radius:0px;border-top-right-radius:0px;border-bottom-right-radius:0px;border-bottom-left-radius:0px;}.kadence-column9247_a3503f-3a > .kt-inside-inner-col{column-gap:var(--global-kb-gap-sm, 1rem);}.kadence-column9247_a3503f-3a > .kt-inside-inner-col{flex-direction:column;}.kadence-column9247_a3503f-3a > .kt-inside-inner-col > .aligncenter{width:100%;}.kadence-column9247_a3503f-3a > .kt-inside-inner-col:before{opacity:0.3;}.kadence-column9247_a3503f-3a{text-align:center;}.kadence-column9247_a3503f-3a{position:relative;}@media all and (max-width: 1024px){.kadence-column9247_a3503f-3a > .kt-inside-inner-col{flex-direction:column;}}@media all and (max-width: 767px){.kadence-column9247_a3503f-3a > .kt-inside-inner-col{flex-direction:column;}}<\/style>\n<div class=\"wp-block-kadence-column kadence-column9247_a3503f-3a kb-section-dir-vertical\"><div class=\"kt-inside-inner-col\"><style>.kb-row-layout-id9247_821cef-7d > .kt-row-column-wrap{align-content:start;}:where(.kb-row-layout-id9247_821cef-7d > .kt-row-column-wrap) > .wp-block-kadence-column{justify-content:start;}.kb-row-layout-id9247_821cef-7d > .kt-row-column-wrap{column-gap:var(--global-kb-gap-md, 2rem);row-gap:var(--global-kb-gap-md, 2rem);max-width:1150px;margin-left:auto;margin-right:auto;padding-top:70px;padding-bottom:130px;min-height:144px;grid-template-columns:minmax(0, 1fr);}.kb-row-layout-id9247_821cef-7d{border-top-left-radius:16px;border-top-right-radius:16px;border-bottom-right-radius:16px;border-bottom-left-radius:16px;overflow:clip;isolation:isolate;}.kb-row-layout-id9247_821cef-7d > .kt-row-layout-overlay{border-top-left-radius:16px;border-top-right-radius:16px;border-bottom-right-radius:16px;border-bottom-left-radius:16px;}.kb-row-layout-id9247_821cef-7d{background-image:url('https:\/\/seguridad.conahcyt.mx\/mujeres\/wp-content\/uploads\/sites\/4\/2024\/04\/SegundaEdicion-1.jpg');background-size:90% ;background-position:53% 31%;background-attachment:scroll;background-repeat:no-repeat;}.kb-row-layout-id9247_821cef-7d > .kt-row-layout-overlay{opacity:0.30;}@media all and (max-width: 1024px){.kb-row-layout-id9247_821cef-7d > .kt-row-column-wrap{grid-template-columns:minmax(0, 1fr);}}@media all and (max-width: 767px){.kb-row-layout-id9247_821cef-7d > .kt-row-column-wrap{grid-template-columns:minmax(0, 1fr);}}<\/style><div class=\"kb-row-layout-wrap kb-row-layout-id9247_821cef-7d alignwide kt-row-has-bg wp-block-kadence-rowlayout\"><div class=\"kt-row-column-wrap kt-has-1-columns kt-row-layout-equal kt-tab-layout-inherit kt-mobile-layout-row kt-row-valign-top\">\n<style>.kadence-column9247_02c218-51 > .kt-inside-inner-col,.kadence-column9247_02c218-51 > .kt-inside-inner-col:before{border-top-left-radius:0px;border-top-right-radius:0px;border-bottom-right-radius:0px;border-bottom-left-radius:0px;}.kadence-column9247_02c218-51 > .kt-inside-inner-col{column-gap:var(--global-kb-gap-sm, 1rem);}.kadence-column9247_02c218-51 > .kt-inside-inner-col{flex-direction:column;}.kadence-column9247_02c218-51 > .kt-inside-inner-col > .aligncenter{width:100%;}.kadence-column9247_02c218-51 > .kt-inside-inner-col:before{opacity:0.3;}.kadence-column9247_02c218-51{position:relative;}@media all and (max-width: 1024px){.kadence-column9247_02c218-51 > .kt-inside-inner-col{flex-direction:column;}}@media all and (max-width: 767px){.kadence-column9247_02c218-51 > .kt-inside-inner-col{flex-direction:column;}}<\/style>\n<div class=\"wp-block-kadence-column kadence-column9247_02c218-51\"><div class=\"kt-inside-inner-col\"><\/div><\/div>\n\n<\/div><\/div>\n\n<style>.wp-block-kadence-advancedheading.kt-adv-heading9247_8926a6-88, .wp-block-kadence-advancedheading.kt-adv-heading9247_8926a6-88[data-kb-block=\"kb-adv-heading9247_8926a6-88\"]{padding-top:16px;font-style:normal;}.wp-block-kadence-advancedheading.kt-adv-heading9247_8926a6-88 mark, .wp-block-kadence-advancedheading.kt-adv-heading9247_8926a6-88[data-kb-block=\"kb-adv-heading9247_8926a6-88\"] mark{font-style:normal;color:#f76a0c;padding-top:0px;padding-right:0px;padding-bottom:0px;padding-left:0px;}<\/style>\n<h3 class=\"kt-adv-heading9247_8926a6-88 wp-block-kadence-advancedheading\" data-kb-block=\"kb-adv-heading9247_8926a6-88\"><a href=\"https:\/\/seguridad.conahcyt.mx\/mujeres\/inicio\/seminario-permanente\/prevencion-atencion-y-erradicacion-de-la-violencia-de-genero\/seminario-permanente-segunda-edicion\/\">Segunda edici\u00f3n<\/a> <\/h3>\n<\/div><\/div>\n\n<\/div><\/div>","protected":false},"excerpt":{"rendered":"<p>Primera edici\u00f3n Segunda edici\u00f3n<\/p>\n","protected":false},"author":4,"featured_media":0,"parent":9139,"menu_order":0,"comment_status":"closed","ping_status":"closed","template":"","meta":{"ocean_post_layout":"","ocean_both_sidebars_style":"","ocean_both_sidebars_content_width":0,"ocean_both_sidebars_sidebars_width":0,"ocean_sidebar":"","ocean_second_sidebar":"","ocean_disable_margins":"enable","ocean_add_body_class":"","ocean_shortcode_before_top_bar":"","ocean_shortcode_after_top_bar":"","ocean_shortcode_before_header":"","ocean_shortcode_after_header":"","ocean_has_shortcode":"","ocean_shortcode_after_title":"","ocean_shortcode_before_footer_widgets":"","ocean_shortcode_after_footer_widgets":"","ocean_shortcode_before_footer_bottom":"","ocean_shortcode_after_footer_bottom":"","ocean_display_top_bar":"default","ocean_display_header":"default","ocean_header_style":"","ocean_center_header_left_menu":"","ocean_custom_header_template":"","ocean_custom_logo":0,"ocean_custom_retina_logo":0,"ocean_custom_logo_max_width":0,"ocean_custom_logo_tablet_max_width":0,"ocean_custom_logo_mobile_max_width":0,"ocean_custom_logo_max_height":0,"ocean_custom_logo_tablet_max_height":0,"ocean_custom_logo_mobile_max_height":0,"ocean_header_custom_menu":"","ocean_menu_typo_font_family":"","ocean_menu_typo_font_subset":"","ocean_menu_typo_font_size":0,"ocean_menu_typo_font_size_tablet":0,"ocean_menu_typo_font_size_mobile":0,"ocean_menu_typo_font_size_unit":"px","ocean_menu_typo_font_weight":"","ocean_menu_typo_font_weight_tablet":"","ocean_menu_typo_font_weight_mobile":"","ocean_menu_typo_transform":"","ocean_menu_typo_transform_tablet":"","ocean_menu_typo_transform_mobile":"","ocean_menu_typo_line_height":0,"ocean_menu_typo_line_height_tablet":0,"ocean_menu_typo_line_height_mobile":0,"ocean_menu_typo_line_height_unit":"","ocean_menu_typo_spacing":0,"ocean_menu_typo_spacing_tablet":0,"ocean_menu_typo_spacing_mobile":0,"ocean_menu_typo_spacing_unit":"","ocean_menu_link_color":"","ocean_menu_link_color_hover":"","ocean_menu_link_color_active":"","ocean_menu_link_background":"","ocean_menu_link_hover_background":"","ocean_menu_link_active_background":"","ocean_menu_social_links_bg":"","ocean_menu_social_hover_links_bg":"","ocean_menu_social_links_color":"","ocean_menu_social_hover_links_color":"","ocean_disable_title":"default","ocean_disable_heading":"default","ocean_post_title":"","ocean_post_subheading":"","ocean_post_title_style":"","ocean_post_title_background_color":"","ocean_post_title_background":0,"ocean_post_title_bg_image_position":"","ocean_post_title_bg_image_attachment":"","ocean_post_title_bg_image_repeat":"","ocean_post_title_bg_image_size":"","ocean_post_title_height":0,"ocean_post_title_bg_overlay":0.5,"ocean_post_title_bg_overlay_color":"","ocean_disable_breadcrumbs":"default","ocean_breadcrumbs_color":"","ocean_breadcrumbs_separator_color":"","ocean_breadcrumbs_links_color":"","ocean_breadcrumbs_links_hover_color":"","ocean_display_footer_widgets":"default","ocean_display_footer_bottom":"default","ocean_custom_footer_template":"","footnotes":""},"_links":{"self":[{"href":"https:\/\/seguridad.conahcyt.mx\/mujeres\/wp-json\/wp\/v2\/pages\/9247"}],"collection":[{"href":"https:\/\/seguridad.conahcyt.mx\/mujeres\/wp-json\/wp\/v2\/pages"}],"about":[{"href":"https:\/\/seguridad.conahcyt.mx\/mujeres\/wp-json\/wp\/v2\/types\/page"}],"author":[{"embeddable":true,"href":"https:\/\/seguridad.conahcyt.mx\/mujeres\/wp-json\/wp\/v2\/users\/4"}],"replies":[{"embeddable":true,"href":"https:\/\/seguridad.conahcyt.mx\/mujeres\/wp-json\/wp\/v2\/comments?post=9247"}],"version-history":[{"count":8,"href":"https:\/\/seguridad.conahcyt.mx\/mujeres\/wp-json\/wp\/v2\/pages\/9247\/revisions"}],"predecessor-version":[{"id":11470,"href":"https:\/\/seguridad.conahcyt.mx\/mujeres\/wp-json\/wp\/v2\/pages\/9247\/revisions\/11470"}],"up":[{"embeddable":true,"href":"https:\/\/seguridad.conahcyt.mx\/mujeres\/wp-json\/wp\/v2\/pages\/9139"}],"wp:attachment":[{"href":"https:\/\/seguridad.conahcyt.mx\/mujeres\/wp-json\/wp\/v2\/media?parent=9247"}],"curies":[{"name":"wp","href":"https:\/\/api.w.org\/{rel}","templated":true}]}}