{"id":94,"date":"2024-01-24T23:07:10","date_gmt":"2024-01-24T23:07:10","guid":{"rendered":"https:\/\/seguridad.conahcyt.mx\/mujeres\/?page_id=94"},"modified":"2024-03-06T21:08:28","modified_gmt":"2024-03-07T03:08:28","slug":"normatividad","status":"publish","type":"page","link":"https:\/\/seguridad.conahcyt.mx\/mujeres\/normatividad\/","title":{"rendered":"Normatividad"},"content":{"rendered":"\n<h1 class=\"wp-block-heading\">M\u00e9xico y \u00e1mbito estatal<\/h1>\n\n\n\n<h2 class=\"wp-block-heading\">Ordenamientos en materia de violencia de g\u00e9nero<\/h2>\n\n\n<style>.kb-row-layout-id94_13d56f-3d > .kt-row-column-wrap{align-content:start;}:where(.kb-row-layout-id94_13d56f-3d > .kt-row-column-wrap) > .wp-block-kadence-column{justify-content:start;}.kb-row-layout-id94_13d56f-3d > .kt-row-column-wrap{column-gap:var(--global-kb-gap-md, 2rem);row-gap:var(--global-kb-gap-md, 2rem);padding-top:var(--global-kb-spacing-sm, 1.5rem);padding-bottom:var(--global-kb-spacing-sm, 1.5rem);grid-template-columns:minmax(0, calc(15% - ((var(--global-kb-gap-md, 2rem) * 1 )\/2)))minmax(0, calc(85% - ((var(--global-kb-gap-md, 2rem) * 1 )\/2)));}.kb-row-layout-id94_13d56f-3d > .kt-row-layout-overlay{opacity:0.30;}@media all and (max-width: 1024px){.kb-row-layout-id94_13d56f-3d > .kt-row-column-wrap{grid-template-columns:repeat(2, minmax(0, 1fr));}}@media all and (max-width: 767px){.kb-row-layout-id94_13d56f-3d > .kt-row-column-wrap{grid-template-columns:minmax(0, 1fr);}}<\/style><div class=\"kb-row-layout-wrap kb-row-layout-id94_13d56f-3d alignnone wp-block-kadence-rowlayout\"><div class=\"kt-row-column-wrap kt-has-2-columns kt-row-layout-left-golden kt-tab-layout-inherit kt-mobile-layout-row kt-row-valign-top\">\n<style>.kadence-column94_437bd0-dd > .kt-inside-inner-col{display:flex;}.kadence-column94_437bd0-dd > .kt-inside-inner-col,.kadence-column94_437bd0-dd > .kt-inside-inner-col:before{border-top-left-radius:0px;border-top-right-radius:0px;border-bottom-right-radius:0px;border-bottom-left-radius:0px;}.kadence-column94_437bd0-dd > .kt-inside-inner-col{column-gap:var(--global-kb-gap-sm, 1rem);}.kadence-column94_437bd0-dd > .kt-inside-inner-col{flex-direction:column;justify-content:center;}.kadence-column94_437bd0-dd > .kt-inside-inner-col > .aligncenter{width:100%;}.kt-row-column-wrap > .kadence-column94_437bd0-dd{align-self:center;}.kt-inner-column-height-full:not(.kt-has-1-columns) > .wp-block-kadence-column.kadence-column94_437bd0-dd{align-self:auto;}.kt-inner-column-height-full:not(.kt-has-1-columns) > .wp-block-kadence-column.kadence-column94_437bd0-dd > .kt-inside-inner-col{flex-direction:column;justify-content:center;}.kadence-column94_437bd0-dd > .kt-inside-inner-col:before{opacity:0.3;}.kadence-column94_437bd0-dd{position:relative;}@media all and (max-width: 1024px){.kadence-column94_437bd0-dd > .kt-inside-inner-col{flex-direction:column;}}@media all and (max-width: 767px){.kadence-column94_437bd0-dd > .kt-inside-inner-col{flex-direction:column;}}<\/style>\n<div class=\"wp-block-kadence-column kadence-column94_437bd0-dd\"><div class=\"kt-inside-inner-col\">\n<p class=\"has-small-font-size\">Fuente de informaci\u00f3n: Unidad General de Asuntos Jur\u00eddicos, 2024.<\/p>\n<\/div><\/div>\n\n\n<style>.kadence-column94_197049-02 > .kt-inside-inner-col,.kadence-column94_197049-02 > .kt-inside-inner-col:before{border-top-left-radius:0px;border-top-right-radius:0px;border-bottom-right-radius:0px;border-bottom-left-radius:0px;}.kadence-column94_197049-02 > .kt-inside-inner-col{column-gap:var(--global-kb-gap-sm, 1rem);}.kadence-column94_197049-02 > .kt-inside-inner-col{flex-direction:column;}.kadence-column94_197049-02 > .kt-inside-inner-col > .aligncenter{width:100%;}.kadence-column94_197049-02 > .kt-inside-inner-col:before{opacity:0.3;}.kadence-column94_197049-02{position:relative;}@media all and (max-width: 1024px){.kadence-column94_197049-02 > .kt-inside-inner-col{flex-direction:column;}}@media all and (max-width: 767px){.kadence-column94_197049-02 > .kt-inside-inner-col{flex-direction:column;}}<\/style>\n<div class=\"wp-block-kadence-column kadence-column94_197049-02\"><div class=\"kt-inside-inner-col\">\n<div class=\"open-user-map\">\n\n  \n  \n<div class=\"box-wrap map-size-default map-size-mobile-square \">\n  \n  <div class=\"map-wrap\">\n    <div id=\"map-20210929\" class=\"leaflet-map map-style_CartoDB.Positron\"><\/div>\n    \n    \n    \n    \n    \n    <script type=\"text\/javascript\" data-category=\"functional\" class=\"cmplz-native\" id=\"oum-inline-js\">\n      var map_el = `map-20210929`;\n\n      if(document.getElementById(map_el)) {\n\n        var mapStyle = `CartoDB.Positron`;\n        var oum_tile_provider_mapbox_key = ``;\n        var marker_icon_url = `https:\/\/seguridad.conahcyt.mx\/mujeres\/wp-content\/plugins\/open-user-map\/src\/leaflet\/images\/marker-icon_custom1-2x.png`;\n        var marker_shadow_url = `https:\/\/seguridad.conahcyt.mx\/mujeres\/wp-content\/plugins\/open-user-map\/src\/leaflet\/images\/marker-shadow.png`;\n        var oum_enable_scrollwheel_zoom_map = true;\n        var oum_enable_cluster = false;\n        var oum_enable_fullscreen = false;\n\n        var oum_enable_searchbar = false;\n        var oum_searchbar_type = `address`;\n\n        var oum_geosearch_selected_provider = ``; \n        var oum_geosearch_provider = `osm`;\n        var oum_geosearch_provider_geoapify_key = ``;\n        var oum_geosearch_provider_here_key = ``;\n        var oum_geosearch_provider_mapbox_key = ``;\n        \n        var oum_enable_searchaddress_button = false;\n        var oum_searchaddress_label = `Search for address`;\n\n        var oum_enable_searchmarkers_button = false;\n        var oum_searchmarkers_label = `Buscar por estado`;\n        var oum_searchmarkers_zoom = `8`;\n\n        var oum_enable_currentlocation = false;\n        var oum_action_after_submit = `text`;\n        var thankyou_redirect = ``;\n        var start_lat = `23.873542095395`;\n        var start_lng = `-102.546227`;\n        var start_zoom = `4.5`;\n        var oum_enable_fixed_map_bounds = ``;\n        var oum_minimum_zoom_level = ``;\n        var oum_use_settings_start_location = true;\n        var oum_has_regions = false;\n\n        var oum_location = {};\n        var oum_custom_css = '';\n        var oum_custom_script = '';\n        var oumMap;\n        var oumMap2;\n\n        var oumConditionalField = (sourceField, targetField, condShow, condHide) => {\n          const sourceElement = document.querySelector(sourceField);\n          const targetElement = document.querySelector(targetField).parentElement; \/* works with custom fields only *\/\n\n          \/* trigger on change *\/\n          sourceElement.onchange = function(e) {\n            const val = this.value;\n            \n            console.log('OUM: run condition', {val, sourceField, targetField, condShow, condHide});\n            \n            if(condShow.includes(val)) {\n              targetElement.style.display = 'block';\n            }else if(condHide.includes(this.value)) {\n              targetElement.style.display = 'none';\n            }\n          }\n\n          \/* trigger initially *\/\n          let changeEvent = new Event('change');\n          sourceElement.dispatchEvent(changeEvent);\n        };\n\n        \/* Transfer PHP array to JS json *\/\n        var oum_all_locations = [];\n\n\n        \/**\n         * Add Custom Styles\n         *\/\n        \n        \n          \/* custom color *\/\n          oum_custom_css += `\n            .open-user-map .add-location #close-add-location-overlay:hover {color: #e02aaf !important}\n            .open-user-map input.oum-switch[type=\"checkbox\"]:checked + label::before {background-color: #e02aaf !important}\n            .open-user-map .add-location .location-overlay-content #oum_add_location_thankyou h3 {color: #e02aaf !important}\n            .open-user-map .oum_location_text a {color: #e02aaf !important}\n            .open-user-map .oum-tabs {border-color: #e02aaf !important}\n            .open-user-map .oum-tabs .nav-item:hover {color: #e02aaf !important; border-color: #e02aaf !important}\n            .open-user-map .oum-tabs .nav-item.active {color: #e02aaf !important; border-color: #e02aaf !important}\n            .open-user-map .box-wrap .map-wrap .oum-attribution a {color: #e02aaf !important;}`;\n\n        \n        \n          \/* custom map height *\/\n          oum_custom_css += `\n            .open-user-map .box-wrap > .map-wrap {padding: 0 !important; height: 500px !important; aspect-ratio: unset !important;}`;\n\n        \n        \n          \/* custom map height *\/\n          oum_custom_css += `\n            @media screen and (max-width: 768px) {.open-user-map .box-wrap > .map-wrap {padding: 0 !important; height: 300px !important; aspect-ratio: unset !important;}}`;\n\n        \n        var custom_style = document.createElement('style');\n\n        if (custom_style.styleSheet) {\n          custom_style.styleSheet.cssText = oum_custom_css;\n        } else {\n          custom_style.appendChild(document.createTextNode(oum_custom_css));\n        }\n\n        document.getElementsByTagName('head')[0].appendChild(custom_style);\n\n      }\n    <\/script>\n\n  <\/div>\n\n<\/div>\n\n<\/div><\/div><\/div>\n\n<\/div><\/div>\n\n\n<div style=\"height:100px\" aria-hidden=\"true\" class=\"wp-block-spacer\"><\/div>\n","protected":false},"excerpt":{"rendered":"<p>M\u00e9xico y \u00e1mbito estatal Ordenamientos en materia de violencia de g\u00e9nero Fuente de informaci\u00f3n: Unidad General de Asuntos Jur\u00eddicos, 2024.<\/p>\n","protected":false},"author":4,"featured_media":0,"parent":0,"menu_order":0,"comment_status":"closed","ping_status":"closed","template":"","meta":{"ocean_post_layout":"","ocean_both_sidebars_style":"","ocean_both_sidebars_content_width":0,"ocean_both_sidebars_sidebars_width":0,"ocean_sidebar":"","ocean_second_sidebar":"","ocean_disable_margins":"enable","ocean_add_body_class":"","ocean_shortcode_before_top_bar":"","ocean_shortcode_after_top_bar":"","ocean_shortcode_before_header":"","ocean_shortcode_after_header":"","ocean_has_shortcode":"","ocean_shortcode_after_title":"","ocean_shortcode_before_footer_widgets":"","ocean_shortcode_after_footer_widgets":"","ocean_shortcode_before_footer_bottom":"","ocean_shortcode_after_footer_bottom":"","ocean_display_top_bar":"default","ocean_display_header":"default","ocean_header_style":"","ocean_center_header_left_menu":"","ocean_custom_header_template":"","ocean_custom_logo":0,"ocean_custom_retina_logo":0,"ocean_custom_logo_max_width":0,"ocean_custom_logo_tablet_max_width":0,"ocean_custom_logo_mobile_max_width":0,"ocean_custom_logo_max_height":0,"ocean_custom_logo_tablet_max_height":0,"ocean_custom_logo_mobile_max_height":0,"ocean_header_custom_menu":"","ocean_menu_typo_font_family":"","ocean_menu_typo_font_subset":"","ocean_menu_typo_font_size":0,"ocean_menu_typo_font_size_tablet":0,"ocean_menu_typo_font_size_mobile":0,"ocean_menu_typo_font_size_unit":"px","ocean_menu_typo_font_weight":"","ocean_menu_typo_font_weight_tablet":"","ocean_menu_typo_font_weight_mobile":"","ocean_menu_typo_transform":"","ocean_menu_typo_transform_tablet":"","ocean_menu_typo_transform_mobile":"","ocean_menu_typo_line_height":0,"ocean_menu_typo_line_height_tablet":0,"ocean_menu_typo_line_height_mobile":0,"ocean_menu_typo_line_height_unit":"","ocean_menu_typo_spacing":0,"ocean_menu_typo_spacing_tablet":0,"ocean_menu_typo_spacing_mobile":0,"ocean_menu_typo_spacing_unit":"","ocean_menu_link_color":"","ocean_menu_link_color_hover":"","ocean_menu_link_color_active":"","ocean_menu_link_background":"","ocean_menu_link_hover_background":"","ocean_menu_link_active_background":"","ocean_menu_social_links_bg":"","ocean_menu_social_hover_links_bg":"","ocean_menu_social_links_color":"","ocean_menu_social_hover_links_color":"","ocean_disable_title":"default","ocean_disable_heading":"default","ocean_post_title":"","ocean_post_subheading":"","ocean_post_title_style":"","ocean_post_title_background_color":"","ocean_post_title_background":0,"ocean_post_title_bg_image_position":"","ocean_post_title_bg_image_attachment":"","ocean_post_title_bg_image_repeat":"","ocean_post_title_bg_image_size":"","ocean_post_title_height":0,"ocean_post_title_bg_overlay":0.5,"ocean_post_title_bg_overlay_color":"","ocean_disable_breadcrumbs":"default","ocean_breadcrumbs_color":"","ocean_breadcrumbs_separator_color":"","ocean_breadcrumbs_links_color":"","ocean_breadcrumbs_links_hover_color":"","ocean_display_footer_widgets":"default","ocean_display_footer_bottom":"default","ocean_custom_footer_template":"","footnotes":""},"_links":{"self":[{"href":"https:\/\/seguridad.conahcyt.mx\/mujeres\/wp-json\/wp\/v2\/pages\/94"}],"collection":[{"href":"https:\/\/seguridad.conahcyt.mx\/mujeres\/wp-json\/wp\/v2\/pages"}],"about":[{"href":"https:\/\/seguridad.conahcyt.mx\/mujeres\/wp-json\/wp\/v2\/types\/page"}],"author":[{"embeddable":true,"href":"https:\/\/seguridad.conahcyt.mx\/mujeres\/wp-json\/wp\/v2\/users\/4"}],"replies":[{"embeddable":true,"href":"https:\/\/seguridad.conahcyt.mx\/mujeres\/wp-json\/wp\/v2\/comments?post=94"}],"version-history":[{"count":6,"href":"https:\/\/seguridad.conahcyt.mx\/mujeres\/wp-json\/wp\/v2\/pages\/94\/revisions"}],"predecessor-version":[{"id":11125,"href":"https:\/\/seguridad.conahcyt.mx\/mujeres\/wp-json\/wp\/v2\/pages\/94\/revisions\/11125"}],"wp:attachment":[{"href":"https:\/\/seguridad.conahcyt.mx\/mujeres\/wp-json\/wp\/v2\/media?parent=94"}],"curies":[{"name":"wp","href":"https:\/\/api.w.org\/{rel}","templated":true}]}}